{"id":210,"date":"2017-02-24T01:21:29","date_gmt":"2017-02-24T01:21:29","guid":{"rendered":"https:\/\/ninetheme.com\/themes\/agricom\/?page_id=210"},"modified":"2025-01-31T05:33:13","modified_gmt":"2025-01-31T05:33:13","slug":"contact","status":"publish","type":"page","link":"https:\/\/falcongoldtrade.com\/?page_id=210","title":{"rendered":"Bize Ula\u015f\u0131n"},"content":{"rendered":"<p>[vc_row css=&#8221;.vc_custom_1738033855087{padding-top: 0px !important;padding-bottom: 100px !important;}&#8221;][vc_column css=&#8221;.vc_custom_1487899224850{padding-top: 0px !important;}&#8221;][vc_empty_space height=&#8221;50&#8243;][vc_custom_heading text=&#8221;Alt\u0131n Yat\u0131r\u0131m\u0131n\u0131z\u0131 Yapmaya Haz\u0131r m\u0131s\u0131n\u0131z?<br \/>\n\u00dcr\u00fcnlerimiz ve hizmetlerimiz hakk\u0131nda daha fazla bilgi edinmek ya da sipari\u015f vermek i\u00e7in bizimle ileti\u015fime ge\u00e7ebilirsiniz.<\/p>\n<p>M\u00fc\u015fteri hizmetleri ekibimiz, her t\u00fcrl\u00fc sorunuz i\u00e7in size yard\u0131mc\u0131 olmak ve Falcon Kuyumculuk deneyiminizi sorunsuz ve tatmin edici k\u0131lmak i\u00e7in haz\u0131rd\u0131r.&#8221; font_container=&#8221;tag:div|font_size:16|text_align:left|color:%23333333&#8243; use_theme_fonts=&#8221;yes&#8221;][\/vc_column][\/vc_row][vc_row full_width=&#8221;stretch_row&#8221; css=&#8221;.vc_custom_1487898108452{padding-top: 100px !important;padding-bottom: 100px !important;}&#8221;][vc_column width=&#8221;1\/3&#8243;][vc_icon icon_fontawesome=&#8221;fas fa-map-marker-alt&#8221; color=&#8221;custom&#8221; size=&#8221;lg&#8221; align=&#8221;center&#8221; custom_color=&#8221;#2779a3&#8243;][vc_custom_heading text=&#8221;ADRES&#8221; font_container=&#8221;tag:h4|font_size:20|text_align:center|color:%23333333&#8243; use_theme_fonts=&#8221;yes&#8221;][vc_custom_heading text=&#8221;ADRES&#8221; font_container=&#8221;tag:p|text_align:center|color:%23777777&#8243; use_theme_fonts=&#8221;yes&#8221;][\/vc_column][vc_column width=&#8221;1\/3&#8243;][vc_icon icon_fontawesome=&#8221;fas fa-phone&#8221; color=&#8221;custom&#8221; size=&#8221;lg&#8221; align=&#8221;center&#8221; custom_color=&#8221;#2779a3&#8243;][vc_custom_heading text=&#8221;TELEFON&#8221; font_container=&#8221;tag:h4|font_size:20|text_align:center|color:%23333333&#8243; use_theme_fonts=&#8221;yes&#8221;][vc_custom_heading text=&#8221;T:&#8221; font_container=&#8221;tag:p|text_align:center|color:%23777777&#8243; use_theme_fonts=&#8221;yes&#8221;][\/vc_column][vc_column width=&#8221;1\/3&#8243;][vc_icon icon_fontawesome=&#8221;fas fa-at&#8221; color=&#8221;custom&#8221; size=&#8221;lg&#8221; align=&#8221;center&#8221; custom_color=&#8221;#2779a3&#8243;][vc_custom_heading text=&#8221;EMAIL&#8221; font_container=&#8221;tag:h4|font_size:20|text_align:center|color:%23333333&#8243; use_theme_fonts=&#8221;yes&#8221;][vc_custom_heading text=&#8221;info@falcongoldtrade.com&#8221; font_container=&#8221;tag:p|text_align:center|color:%23777777&#8243; use_theme_fonts=&#8221;yes&#8221;][\/vc_column][\/vc_row]<\/p>\n","protected":false},"excerpt":{"rendered":"<p>[vc_row css=&#8221;.vc_custom_1738033855087{padding-top: 0px !important;padding-bottom: 100px !important;}&#8221;][vc_column css=&#8221;.vc_custom_1487899224850{padding-top: 0px !important;}&#8221;][vc_empty_space height=&#8221;50&#8243;][vc_custom_heading text=&#8221;Alt\u0131n Yat\u0131r\u0131m\u0131n\u0131z\u0131 Yapmaya Haz\u0131r m\u0131s\u0131n\u0131z? \u00dcr\u00fcnlerimiz ve hizmetlerimiz hakk\u0131nda daha fazla bilgi edinmek ya da sipari\u015f vermek i\u00e7in bizimle ileti\u015fime ge\u00e7ebilirsiniz. M\u00fc\u015fteri hizmetleri ekibimiz, her t\u00fcrl\u00fc sorunuz i\u00e7in size yard\u0131mc\u0131 olmak ve Falcon Kuyumculuk deneyiminizi sorunsuz ve tatmin edici k\u0131lmak i\u00e7in haz\u0131rd\u0131r.&#8221; font_container=&#8221;tag:div|font_size:16|text_align:left|color:%23333333&#8243; use_theme_fonts=&#8221;yes&#8221;][\/vc_column][\/vc_row][vc_row full_width=&#8221;stretch_row&#8221; [&hellip;]<\/p>\n","protected":false},"author":1,"featured_media":0,"parent":0,"menu_order":0,"comment_status":"closed","ping_status":"closed","template":"custom-page.php","meta":{"footnotes":""},"class_list":["post-210","page","type-page","status-publish","hentry"],"_links":{"self":[{"href":"https:\/\/falcongoldtrade.com\/index.php?rest_route=\/wp\/v2\/pages\/210","targetHints":{"allow":["GET"]}}],"collection":[{"href":"https:\/\/falcongoldtrade.com\/index.php?rest_route=\/wp\/v2\/pages"}],"about":[{"href":"https:\/\/falcongoldtrade.com\/index.php?rest_route=\/wp\/v2\/types\/page"}],"author":[{"embeddable":true,"href":"https:\/\/falcongoldtrade.com\/index.php?rest_route=\/wp\/v2\/users\/1"}],"replies":[{"embeddable":true,"href":"https:\/\/falcongoldtrade.com\/index.php?rest_route=%2Fwp%2Fv2%2Fcomments&post=210"}],"version-history":[{"count":21,"href":"https:\/\/falcongoldtrade.com\/index.php?rest_route=\/wp\/v2\/pages\/210\/revisions"}],"predecessor-version":[{"id":1273,"href":"https:\/\/falcongoldtrade.com\/index.php?rest_route=\/wp\/v2\/pages\/210\/revisions\/1273"}],"wp:attachment":[{"href":"https:\/\/falcongoldtrade.com\/index.php?rest_route=%2Fwp%2Fv2%2Fmedia&parent=210"}],"curies":[{"name":"wp","href":"https:\/\/api.w.org\/{rel}","templated":true}]}}