{"id":1174,"date":"2025-01-28T11:42:16","date_gmt":"2025-01-28T11:42:16","guid":{"rendered":"http:\/\/independenttrading.net\/?page_id=1174"},"modified":"2025-01-31T05:29:05","modified_gmt":"2025-01-31T05:29:05","slug":"strategic-location-global-expertise","status":"publish","type":"page","link":"https:\/\/falcongoldtrade.com\/?page_id=1174","title":{"rendered":"Perakende Alt\u0131n Ticareti"},"content":{"rendered":"<p>[vc_row full_width=&#8221;stretch_row&#8221; css=&#8221;.vc_custom_1490048567142{padding-top: 100px !important;padding-bottom: 100px !important;}&#8221; nt_agricom_vc_row_992_responsive=&#8221;.vc_custom_1490048567148{padding-top: 80px !important;padding-bottom: 80px !important;}&#8221; nt_agricom_vc_row_768_responsive=&#8221;.vc_custom_1490048567150{padding-top: 80px !important;padding-bottom: 80px !important;}&#8221; nt_agricom_vc_row_480_responsive=&#8221;.vc_custom_1490048567153{padding-top: 60px !important;padding-bottom: 60px !important;}&#8221;][vc_column offset=&#8221;vc_col-lg-7 vc_col-md-7 vc_col-xs-12&#8243; css=&#8221;.vc_custom_1490048581968{margin-top: 0px !important;margin-bottom: 30px !important;padding-top: 0px !important;}&#8221;][vc_custom_heading text=&#8221;Perakende Alt\u0131n Ticareti&#8221; font_container=&#8221;tag:h2|text_align:left|color:%23333333&#8243; use_theme_fonts=&#8221;yes&#8221; css=&#8221;.vc_custom_1738300126878{margin-top: 0px !important;margin-bottom: 35px !important;padding-top: 0px !important;padding-bottom: 0px !important;}&#8221;][vc_custom_heading text=&#8221;Bireysel Yat\u0131r\u0131mc\u0131lar \u0130\u00e7in: Y\u00fcksek kaliteli alt\u0131n k\u00fcl\u00e7e \u00fcr\u00fcnlerine eri\u015fim sunuyoruz ve esnek sat\u0131n alma se\u00e7enekleri sa\u011fl\u0131yoruz. K\u00fc\u00e7\u00fck miktarlarda ya da b\u00fcy\u00fck miktarlarda alt\u0131n almak isterseniz, rekabet\u00e7i fiyatland\u0131rma ve verimli hizmetler sunarak, alt\u0131n yat\u0131r\u0131mlar\u0131n\u0131z\u0131n g\u00fcvenli ve y\u00f6netilebilir olmas\u0131n\u0131 sa\u011fl\u0131yoruz.&#8221; font_container=&#8221;tag:h4|font_size:1.6rem|text_align:left|color:%23333333|line_height:1.5&#8243; use_theme_fonts=&#8221;yes&#8221; css=&#8221;.vc_custom_1738300136765{margin-top: 0px !important;margin-bottom: 30px !important;padding-top: 0px !important;padding-bottom: 0px !important;}&#8221;][\/vc_column][vc_column offset=&#8221;vc_col-lg-offset-1 vc_col-lg-4 vc_col-md-5 vc_col-xs-12&#8243;][vc_single_image image=&#8221;1220&#8243; img_size=&#8221;full&#8221; alignment=&#8221;center&#8221;][\/vc_column][\/vc_row]<\/p>\n","protected":false},"excerpt":{"rendered":"<p>[vc_row full_width=&#8221;stretch_row&#8221; css=&#8221;.vc_custom_1490048567142{padding-top: 100px !important;padding-bottom: 100px !important;}&#8221; nt_agricom_vc_row_992_responsive=&#8221;.vc_custom_1490048567148{padding-top: 80px !important;padding-bottom: 80px !important;}&#8221; nt_agricom_vc_row_768_responsive=&#8221;.vc_custom_1490048567150{padding-top: 80px !important;padding-bottom: 80px !important;}&#8221; nt_agricom_vc_row_480_responsive=&#8221;.vc_custom_1490048567153{padding-top: 60px !important;padding-bottom: 60px !important;}&#8221;][vc_column offset=&#8221;vc_col-lg-7 vc_col-md-7 vc_col-xs-12&#8243; css=&#8221;.vc_custom_1490048581968{margin-top: 0px !important;margin-bottom: 30px !important;padding-top: 0px !important;}&#8221;][vc_custom_heading text=&#8221;Perakende Alt\u0131n Ticareti&#8221; font_container=&#8221;tag:h2|text_align:left|color:%23333333&#8243; use_theme_fonts=&#8221;yes&#8221; css=&#8221;.vc_custom_1738300126878{margin-top: 0px !important;margin-bottom: 35px !important;padding-top: 0px !important;padding-bottom: 0px !important;}&#8221;][vc_custom_heading text=&#8221;Bireysel Yat\u0131r\u0131mc\u0131lar \u0130\u00e7in: Y\u00fcksek kaliteli alt\u0131n k\u00fcl\u00e7e \u00fcr\u00fcnlerine eri\u015fim [&hellip;]<\/p>\n","protected":false},"author":1,"featured_media":0,"parent":0,"menu_order":0,"comment_status":"closed","ping_status":"closed","template":"custom-page.php","meta":{"footnotes":""},"class_list":["post-1174","page","type-page","status-publish","hentry"],"_links":{"self":[{"href":"https:\/\/falcongoldtrade.com\/index.php?rest_route=\/wp\/v2\/pages\/1174","targetHints":{"allow":["GET"]}}],"collection":[{"href":"https:\/\/falcongoldtrade.com\/index.php?rest_route=\/wp\/v2\/pages"}],"about":[{"href":"https:\/\/falcongoldtrade.com\/index.php?rest_route=\/wp\/v2\/types\/page"}],"author":[{"embeddable":true,"href":"https:\/\/falcongoldtrade.com\/index.php?rest_route=\/wp\/v2\/users\/1"}],"replies":[{"embeddable":true,"href":"https:\/\/falcongoldtrade.com\/index.php?rest_route=%2Fwp%2Fv2%2Fcomments&post=1174"}],"version-history":[{"count":7,"href":"https:\/\/falcongoldtrade.com\/index.php?rest_route=\/wp\/v2\/pages\/1174\/revisions"}],"predecessor-version":[{"id":1278,"href":"https:\/\/falcongoldtrade.com\/index.php?rest_route=\/wp\/v2\/pages\/1174\/revisions\/1278"}],"wp:attachment":[{"href":"https:\/\/falcongoldtrade.com\/index.php?rest_route=%2Fwp%2Fv2%2Fmedia&parent=1174"}],"curies":[{"name":"wp","href":"https:\/\/api.w.org\/{rel}","templated":true}]}}