{"id":1063,"date":"2025-01-27T21:45:04","date_gmt":"2025-01-27T21:45:04","guid":{"rendered":"http:\/\/independenttrading.net\/?page_id=1063"},"modified":"2025-02-03T00:18:09","modified_gmt":"2025-02-03T00:18:09","slug":"who-we-are","status":"publish","type":"page","link":"https:\/\/falcongoldtrade.com\/en\/?page_id=1063","title":{"rendered":"About Us"},"content":{"rendered":"<p>[vc_row full_width=&#8221;stretch_row&#8221; css=&#8221;.vc_custom_1490048567142{padding-top: 100px !important;padding-bottom: 100px !important;}&#8221; nt_agricom_vc_row_992_responsive=&#8221;.vc_custom_1490048567148{padding-top: 80px !important;padding-bottom: 80px !important;}&#8221; nt_agricom_vc_row_768_responsive=&#8221;.vc_custom_1490048567150{padding-top: 80px !important;padding-bottom: 80px !important;}&#8221; nt_agricom_vc_row_480_responsive=&#8221;.vc_custom_1490048567153{padding-top: 60px !important;padding-bottom: 60px !important;}&#8221;][vc_column offset=&#8221;vc_col-lg-7 vc_col-md-7 vc_col-xs-12&#8243; css=&#8221;.vc_custom_1490048581968{margin-top: 0px !important;margin-bottom: 30px !important;padding-top: 0px !important;}&#8221;][vc_custom_heading text=&#8221;FALCON KUYUMCULUK VE PETROK\u0130MYA \u0130\u00c7 VE DI\u015e T\u0130CARET LTD. \u015eT\u0130.&#8221; font_container=&#8221;tag:h4|font_size:30|text_align:left|color:%23333333&#8243; use_theme_fonts=&#8221;yes&#8221; css=&#8221;.vc_custom_1738295634201{margin-top: 0px !important;margin-bottom: 35px !important;padding-top: 0px !important;padding-bottom: 0px !important;}&#8221;][vc_custom_heading text=&#8221;Founded by a team of seasoned professionals with deep knowledge of the global gold market, Falcon Kuyumculuk has established itself as a leading provider of gold bullion in both wholesale and retail markets. With an unwavering commitment to integrity, transparency, and customer satisfaction, we aim to provide our clients with an exceptional trading experience.<\/p>\n<p>We specialize in gold bullion in various forms, including gold bars, gold coins, and custom products tailored to your specifications. Our offerings are ideal for both investment purposes and physical wealth storage. Whether you&#8217;re looking to purchase gold as part of your personal investment portfolio or need bulk supplies for institutional use, we provide solutions to meet your needs.<\/p>\n<p>Our team is dedicated to providing expert insights into market trends and offering tailored advice to help clients make informed decisions in the gold trading market. With access to trusted global suppliers, we guarantee the authenticity and purity of all our products, ensuring that our clients receive only the highest quality gold.&#8221; font_container=&#8221;tag:h4|font_size:1.6rem|text_align:left|color:%23333333|line_height:1.5&#8243; use_theme_fonts=&#8221;yes&#8221; css=&#8221;.vc_custom_1738541890682{margin-top: 0px !important;margin-bottom: 30px !important;padding-top: 0px !important;padding-bottom: 0px !important;}&#8221;][\/vc_column][vc_column offset=&#8221;vc_col-lg-offset-1 vc_col-lg-4 vc_col-md-5 vc_col-xs-12&#8243;][vc_single_image image=&#8221;1220&#8243; img_size=&#8221;full&#8221; alignment=&#8221;center&#8221;][\/vc_column][\/vc_row]<\/p>\n","protected":false},"excerpt":{"rendered":"<p>[vc_row full_width=&#8221;stretch_row&#8221; css=&#8221;.vc_custom_1490048567142{padding-top: 100px !important;padding-bottom: 100px !important;}&#8221; nt_agricom_vc_row_992_responsive=&#8221;.vc_custom_1490048567148{padding-top: 80px !important;padding-bottom: 80px !important;}&#8221; nt_agricom_vc_row_768_responsive=&#8221;.vc_custom_1490048567150{padding-top: 80px !important;padding-bottom: 80px !important;}&#8221; nt_agricom_vc_row_480_responsive=&#8221;.vc_custom_1490048567153{padding-top: 60px !important;padding-bottom: 60px !important;}&#8221;][vc_column offset=&#8221;vc_col-lg-7 vc_col-md-7 vc_col-xs-12&#8243; css=&#8221;.vc_custom_1490048581968{margin-top: 0px !important;margin-bottom: 30px !important;padding-top: 0px !important;}&#8221;][vc_custom_heading text=&#8221;FALCON KUYUMCULUK VE PETROK\u0130MYA \u0130\u00c7 VE DI\u015e T\u0130CARET LTD. \u015eT\u0130.&#8221; font_container=&#8221;tag:h4|font_size:30|text_align:left|color:%23333333&#8243; use_theme_fonts=&#8221;yes&#8221; css=&#8221;.vc_custom_1738295634201{margin-top: 0px !important;margin-bottom: 35px !important;padding-top: 0px !important;padding-bottom: 0px !important;}&#8221;][vc_custom_heading text=&#8221;Founded by [&hellip;]<\/p>\n","protected":false},"author":1,"featured_media":0,"parent":0,"menu_order":0,"comment_status":"closed","ping_status":"closed","template":"custom-page.php","meta":{"footnotes":""},"class_list":["post-1063","page","type-page","status-publish","hentry"],"_links":{"self":[{"href":"https:\/\/falcongoldtrade.com\/en\/index.php?rest_route=\/wp\/v2\/pages\/1063","targetHints":{"allow":["GET"]}}],"collection":[{"href":"https:\/\/falcongoldtrade.com\/en\/index.php?rest_route=\/wp\/v2\/pages"}],"about":[{"href":"https:\/\/falcongoldtrade.com\/en\/index.php?rest_route=\/wp\/v2\/types\/page"}],"author":[{"embeddable":true,"href":"https:\/\/falcongoldtrade.com\/en\/index.php?rest_route=\/wp\/v2\/users\/1"}],"replies":[{"embeddable":true,"href":"https:\/\/falcongoldtrade.com\/en\/index.php?rest_route=%2Fwp%2Fv2%2Fcomments&post=1063"}],"version-history":[{"count":13,"href":"https:\/\/falcongoldtrade.com\/en\/index.php?rest_route=\/wp\/v2\/pages\/1063\/revisions"}],"predecessor-version":[{"id":1336,"href":"https:\/\/falcongoldtrade.com\/en\/index.php?rest_route=\/wp\/v2\/pages\/1063\/revisions\/1336"}],"wp:attachment":[{"href":"https:\/\/falcongoldtrade.com\/en\/index.php?rest_route=%2Fwp%2Fv2%2Fmedia&parent=1063"}],"curies":[{"name":"wp","href":"https:\/\/api.w.org\/{rel}","templated":true}]}}